{"id":1930,"date":"2022-02-25T07:15:16","date_gmt":"2022-02-25T10:15:16","guid":{"rendered":"https:\/\/demosites.royal-elementor-addons.com\/travel-v1\/?page_id=146"},"modified":"2025-11-20T00:49:44","modified_gmt":"2025-11-20T03:49:44","slug":"home-travel-v1","status":"publish","type":"page","link":"https:\/\/www.mamreoakinvestments.com\/","title":{"rendered":"Home"},"content":{"rendered":"\t\t<div data-elementor-type=\"wp-page\" data-elementor-id=\"1930\" class=\"elementor elementor-1930\">\n\t\t\t\t\t\t<section class=\"elementor-section elementor-top-section elementor-element elementor-element-d565c6c elementor-section-height-min-height elementor-section-boxed elementor-section-height-default elementor-section-items-middle wpr-particle-no wpr-jarallax-no wpr-parallax-no wpr-sticky-section-no\" data-id=\"d565c6c\" data-element_type=\"section\" data-settings=\"{&quot;background_background&quot;:&quot;classic&quot;}\">\n\t\t\t\t\t\t\t<div class=\"elementor-background-overlay\"><\/div>\n\t\t\t\t\t\t\t<div class=\"elementor-container elementor-column-gap-default\">\n\t\t\t\t\t<div class=\"elementor-column elementor-col-100 elementor-top-column elementor-element elementor-element-9a7704a\" data-id=\"9a7704a\" data-element_type=\"column\">\n\t\t\t<div class=\"elementor-widget-wrap elementor-element-populated\">\n\t\t\t\t\t\t<div class=\"elementor-element elementor-element-f1d8e37 elementor-widget elementor-widget-heading\" data-id=\"f1d8e37\" data-element_type=\"widget\" data-widget_type=\"heading.default\">\n\t\t\t\t\t<h2 class=\"elementor-heading-title elementor-size-default\">quando deus manda fazer!<\/h2>\t\t\t\t<\/div>\n\t\t\t\t<div class=\"elementor-element elementor-element-63a49a1 elementor-widget elementor-widget-heading\" data-id=\"63a49a1\" data-element_type=\"widget\" data-widget_type=\"heading.default\">\n\t\t\t\t\t<h2 class=\"elementor-heading-title elementor-size-default\">Mamre Oak Investments <br>uma empresa de Investimentos.<\/h2>\t\t\t\t<\/div>\n\t\t\t\t<div class=\"elementor-element elementor-element-319f7f4 wpr-button-icon-style-inline wpr-button-icon-position-right elementor-widget elementor-widget-wpr-button\" data-id=\"319f7f4\" data-element_type=\"widget\" data-widget_type=\"wpr-button.default\">\n\t\t\t\t\t\t\n\t\t\t\n\t\t\n\t\t<div class=\"wpr-button-wrap elementor-clearfix\">\n\t\t<a class=\"wpr-button wpr-button-effect wpr-button-none\" data-text=\"\" href=\"#link\">\n\t\t\t\n\t\t\t<span class=\"wpr-button-content\">\n\t\t\t\t\t\t\t\t\t<span class=\"wpr-button-text\">Explore More<\/span>\n\t\t\t\t\t\t\t\t\n\t\t\t\t\t\t\t<\/span>\n\t\t<\/a>\n\n\t\t\t\t<\/div>\n\t\n\t\n\t\t\t\t\t<\/div>\n\t\t\t\t\t<\/div>\n\t\t<\/div>\n\t\t\t\t\t<\/div>\n\t\t<\/section>\n\t\t\t\t<section class=\"elementor-section elementor-top-section elementor-element elementor-element-090e000 elementor-section-boxed elementor-section-height-default elementor-section-height-default wpr-particle-no wpr-jarallax-no wpr-parallax-no wpr-sticky-section-no\" data-id=\"090e000\" data-element_type=\"section\" data-settings=\"{&quot;background_background&quot;:&quot;classic&quot;}\">\n\t\t\t\t\t\t<div class=\"elementor-container elementor-column-gap-wide\">\n\t\t\t\t\t<div class=\"elementor-column elementor-col-50 elementor-top-column elementor-element elementor-element-9b2919f\" data-id=\"9b2919f\" data-element_type=\"column\">\n\t\t\t<div class=\"elementor-widget-wrap elementor-element-populated\">\n\t\t\t\t\t\t<div class=\"elementor-element elementor-element-61d753e elementor-widget__width-initial elementor-widget elementor-widget-image\" data-id=\"61d753e\" data-element_type=\"widget\" data-widget_type=\"image.default\">\n\t\t\t\t\t\t\t\t\t\t\t\t\t\t\t<img fetchpriority=\"high\" decoding=\"async\" width=\"960\" height=\"720\" src=\"https:\/\/www.mamreoakinvestments.com\/wp-content\/uploads\/2024\/11\/7738-N-Creek-FACAHDA.webp\" class=\"attachment-large size-large wp-image-144\" alt=\"\" srcset=\"https:\/\/www.mamreoakinvestments.com\/wp-content\/uploads\/2024\/11\/7738-N-Creek-FACAHDA.webp 960w, https:\/\/www.mamreoakinvestments.com\/wp-content\/uploads\/2024\/11\/7738-N-Creek-FACAHDA-300x225.webp 300w, https:\/\/www.mamreoakinvestments.com\/wp-content\/uploads\/2024\/11\/7738-N-Creek-FACAHDA-768x576.webp 768w\" sizes=\"(max-width: 960px) 100vw, 960px\" \/>\t\t\t\t\t\t\t\t\t\t\t\t\t\t\t<\/div>\n\t\t\t\t\t<\/div>\n\t\t<\/div>\n\t\t\t\t<div class=\"elementor-column elementor-col-50 elementor-top-column elementor-element elementor-element-5c695f4\" data-id=\"5c695f4\" data-element_type=\"column\">\n\t\t\t<div class=\"elementor-widget-wrap elementor-element-populated\">\n\t\t\t\t\t\t<div class=\"elementor-element elementor-element-dfc8af2 elementor-widget__width-initial elementor-widget elementor-widget-heading\" data-id=\"dfc8af2\" data-element_type=\"widget\" data-widget_type=\"heading.default\">\n\t\t\t\t\t<h2 class=\"elementor-heading-title elementor-size-default\">CASA EM CITRUS<\/h2>\t\t\t\t<\/div>\n\t\t\t\t<div class=\"elementor-element elementor-element-2fe70a2 elementor-widget elementor-widget-heading\" data-id=\"2fe70a2\" data-element_type=\"widget\" data-widget_type=\"heading.default\">\n\t\t\t\t\t<h2 class=\"elementor-heading-title elementor-size-default\">4 quartos 2 banheiros Casa<\/h2>\t\t\t\t<\/div>\n\t\t\t\t<div class=\"elementor-element elementor-element-c14875f elementor-widget elementor-widget-text-editor\" data-id=\"c14875f\" data-element_type=\"widget\" data-widget_type=\"text-editor.default\">\n\t\t\t\t\t\t\t\t\t<p>Prepare-se para ficar impressionado com esta nova casa DELICIOSA na comunidade de Citrus Springs, localizada a um quarteir\u00e3o da Citrus Springs Middle School e da Central Ridge Elementary School, ambas localizadas em Citrus Springs Blvd! Esta casa possui uma sala de estar aberta que flui para um espa\u00e7o de jantar e cozinha bem equipado. A cozinha possui lindos arm\u00e1rios, bancadas de granito e eletrodom\u00e9sticos de a\u00e7o inoxid\u00e1vel (incluindo fog\u00e3o com micro-ondas e lava-lou\u00e7as). A su\u00edte principal tem banheiro privativo, pias duplas e um closet espa\u00e7oso. Esta casa tamb\u00e9m inclui mais 3 quartos e um banheiro secund\u00e1rio completo. H\u00e1 tamb\u00e9m uma garagem para dois carros. Seja para receber convidados ou desfrutar de um jantar tranquilo em fam\u00edlia, esta casa foi projetada para atender ao seu estilo de vida. Agende sua visita hoje mesmo! Oferecemos at\u00e9 US$ 2.000 de cr\u00e9dito do vendedor com o financiador preferencial.<\/p>\t\t\t\t\t\t\t\t<\/div>\n\t\t\t\t\t<\/div>\n\t\t<\/div>\n\t\t\t\t\t<\/div>\n\t\t<\/section>\n\t\t\t\t<section class=\"elementor-section elementor-top-section elementor-element elementor-element-9660122 elementor-section-boxed elementor-section-height-default elementor-section-height-default wpr-particle-no wpr-jarallax-no wpr-parallax-no wpr-sticky-section-no\" data-id=\"9660122\" data-element_type=\"section\">\n\t\t\t\t\t\t\t<div class=\"elementor-background-overlay\"><\/div>\n\t\t\t\t\t\t\t<div class=\"elementor-container elementor-column-gap-wide\">\n\t\t\t\t\t<div class=\"elementor-column elementor-col-50 elementor-top-column elementor-element elementor-element-75eff57\" data-id=\"75eff57\" data-element_type=\"column\">\n\t\t\t<div class=\"elementor-widget-wrap elementor-element-populated\">\n\t\t\t\t\t\t<div class=\"elementor-element elementor-element-63e1909 elementor-widget elementor-widget-text-editor\" data-id=\"63e1909\" data-element_type=\"widget\" data-widget_type=\"text-editor.default\">\n\t\t\t\t\t\t\t\t\t<h2 class=\"elementor-heading-title elementor-size-default elementor-inline-editing pen\" contenteditable=\"true\" data-elementor-setting-key=\"title\" data-pen-placeholder=\"Digite aqui...\">Citrus Springs, FL\u200b<\/h2><p>\u00a0<br \/>Citrus Springs tamb\u00e9m est\u00e1 muito bem localizada na regi\u00e3o. Toda a beleza estonteante das nascentes de \u00e1gua cristalina, cursos d&#8217;\u00e1gua naturais, reservas naturais e pores do sol deslumbrantes no litoral do Golfo do M\u00e9xico fica a uma curta dist\u00e2ncia de carro ao sul e oeste.<\/p>\t\t\t\t\t\t\t\t<\/div>\n\t\t\t\t<div class=\"elementor-element elementor-element-60e0779 elementor-widget-divider--view-line elementor-widget elementor-widget-divider\" data-id=\"60e0779\" data-element_type=\"widget\" data-widget_type=\"divider.default\">\n\t\t\t\t\t\t\t<div class=\"elementor-divider\">\n\t\t\t<span class=\"elementor-divider-separator\">\n\t\t\t\t\t\t<\/span>\n\t\t<\/div>\n\t\t\t\t\t\t<\/div>\n\t\t\t\t<div class=\"elementor-element elementor-element-874fd72 elementor-view-default elementor-widget elementor-widget-icon\" data-id=\"874fd72\" data-element_type=\"widget\" data-widget_type=\"icon.default\">\n\t\t\t\t\t\t\t<div class=\"elementor-icon-wrapper\">\n\t\t\t<div class=\"elementor-icon\">\n\t\t\t<svg aria-hidden=\"true\" class=\"e-font-icon-svg e-fas-map-marker-alt\" viewBox=\"0 0 384 512\" xmlns=\"http:\/\/www.w3.org\/2000\/svg\"><path d=\"M172.268 501.67C26.97 291.031 0 269.413 0 192 0 85.961 85.961 0 192 0s192 85.961 192 192c0 77.413-26.97 99.031-172.268 309.67-9.535 13.774-29.93 13.773-39.464 0zM192 272c44.183 0 80-35.817 80-80s-35.817-80-80-80-80 35.817-80 80 35.817 80 80 80z\"><\/path><\/svg>\t\t\t<\/div>\n\t\t<\/div>\n\t\t\t\t\t\t<\/div>\n\t\t\t\t<div class=\"elementor-element elementor-element-f44aed9 elementor-widget elementor-widget-heading\" data-id=\"f44aed9\" data-element_type=\"widget\" data-widget_type=\"heading.default\">\n\t\t\t\t\t<h2 class=\"elementor-heading-title elementor-size-default\">Sala de estar<\/h2>\t\t\t\t<\/div>\n\t\t\t\t<div class=\"elementor-element elementor-element-7639569 elementor-widget elementor-widget-text-editor\" data-id=\"7639569\" data-element_type=\"widget\" data-widget_type=\"text-editor.default\">\n\t\t\t\t\t\t\t\t\t<p>Casa ampla, arechada\u00a0<\/p>\t\t\t\t\t\t\t\t<\/div>\n\t\t\t\t<div class=\"elementor-element elementor-element-589a525 elementor-widget elementor-widget-image\" data-id=\"589a525\" data-element_type=\"widget\" data-widget_type=\"image.default\">\n\t\t\t\t\t\t\t\t\t\t\t\t\t\t\t<img decoding=\"async\" width=\"960\" height=\"640\" src=\"https:\/\/www.mamreoakinvestments.com\/wp-content\/uploads\/2025\/11\/citrus-1024x683.webp\" class=\"attachment-large size-large wp-image-1968\" alt=\"\" srcset=\"https:\/\/www.mamreoakinvestments.com\/wp-content\/uploads\/2025\/11\/citrus-1024x683.webp 1024w, https:\/\/www.mamreoakinvestments.com\/wp-content\/uploads\/2025\/11\/citrus-300x200.webp 300w, https:\/\/www.mamreoakinvestments.com\/wp-content\/uploads\/2025\/11\/citrus-768x512.webp 768w, https:\/\/www.mamreoakinvestments.com\/wp-content\/uploads\/2025\/11\/citrus-1536x1024.webp 1536w, https:\/\/www.mamreoakinvestments.com\/wp-content\/uploads\/2025\/11\/citrus-2048x1366.webp 2048w\" sizes=\"(max-width: 960px) 100vw, 960px\" \/>\t\t\t\t\t\t\t\t\t\t\t\t\t\t\t<\/div>\n\t\t\t\t\t<\/div>\n\t\t<\/div>\n\t\t\t\t<div class=\"elementor-column elementor-col-50 elementor-top-column elementor-element elementor-element-f0a5073\" data-id=\"f0a5073\" data-element_type=\"column\">\n\t\t\t<div class=\"elementor-widget-wrap elementor-element-populated\">\n\t\t\t\t\t\t<div class=\"elementor-element elementor-element-068787e elementor-widget elementor-widget-image\" data-id=\"068787e\" data-element_type=\"widget\" data-widget_type=\"image.default\">\n\t\t\t\t\t\t\t\t\t\t\t\t\t\t\t<img fetchpriority=\"high\" decoding=\"async\" width=\"960\" height=\"720\" src=\"https:\/\/www.mamreoakinvestments.com\/wp-content\/uploads\/2024\/11\/7738-N-Creek-FACAHDA.webp\" class=\"attachment-large size-large wp-image-144\" alt=\"\" srcset=\"https:\/\/www.mamreoakinvestments.com\/wp-content\/uploads\/2024\/11\/7738-N-Creek-FACAHDA.webp 960w, https:\/\/www.mamreoakinvestments.com\/wp-content\/uploads\/2024\/11\/7738-N-Creek-FACAHDA-300x225.webp 300w, https:\/\/www.mamreoakinvestments.com\/wp-content\/uploads\/2024\/11\/7738-N-Creek-FACAHDA-768x576.webp 768w\" sizes=\"(max-width: 960px) 100vw, 960px\" \/>\t\t\t\t\t\t\t\t\t\t\t\t\t\t\t<\/div>\n\t\t\t\t<div class=\"elementor-element elementor-element-136eb7c elementor-view-default elementor-widget elementor-widget-icon\" data-id=\"136eb7c\" data-element_type=\"widget\" data-widget_type=\"icon.default\">\n\t\t\t\t\t\t\t<div class=\"elementor-icon-wrapper\">\n\t\t\t<div class=\"elementor-icon\">\n\t\t\t<svg aria-hidden=\"true\" class=\"e-font-icon-svg e-fas-map-marker-alt\" viewBox=\"0 0 384 512\" xmlns=\"http:\/\/www.w3.org\/2000\/svg\"><path d=\"M172.268 501.67C26.97 291.031 0 269.413 0 192 0 85.961 85.961 0 192 0s192 85.961 192 192c0 77.413-26.97 99.031-172.268 309.67-9.535 13.774-29.93 13.773-39.464 0zM192 272c44.183 0 80-35.817 80-80s-35.817-80-80-80-80 35.817-80 80 35.817 80 80 80z\"><\/path><\/svg>\t\t\t<\/div>\n\t\t<\/div>\n\t\t\t\t\t\t<\/div>\n\t\t\t\t<div class=\"elementor-element elementor-element-0ba5b45 elementor-widget elementor-widget-heading\" data-id=\"0ba5b45\" data-element_type=\"widget\" data-widget_type=\"heading.default\">\n\t\t\t\t\t<h2 class=\"elementor-heading-title elementor-size-default\">Nova Constu\u00e7\u00e3o\n<\/h2>\t\t\t\t<\/div>\n\t\t\t\t<div class=\"elementor-element elementor-element-8042bfd elementor-widget elementor-widget-text-editor\" data-id=\"8042bfd\" data-element_type=\"widget\" data-widget_type=\"text-editor.default\">\n\t\t\t\t\t\t\t\t\t<p>\u00a0Citrus Springs tamb\u00e9m est\u00e1 muito bem localizada na regi\u00e3o. Toda a beleza estonteante das nascentes de \u00e1gua cristalina, cursos d&#8217;\u00e1gua naturais, reservas naturais e pores do sol deslumbrantes no litoral do Golfo do M\u00e9xico fica a uma curta dist\u00e2ncia de carro ao sul e oeste.<\/p>\t\t\t\t\t\t\t\t<\/div>\n\t\t\t\t\t<\/div>\n\t\t<\/div>\n\t\t\t\t\t<\/div>\n\t\t<\/section>\n\t\t\t\t<section class=\"elementor-section elementor-top-section elementor-element elementor-element-f56665c elementor-section-full_width elementor-section-height-default elementor-section-height-default wpr-particle-no wpr-jarallax-no wpr-parallax-no wpr-sticky-section-no\" data-id=\"f56665c\" data-element_type=\"section\">\n\t\t\t\t\t\t<div class=\"elementor-container elementor-column-gap-wide\">\n\t\t\t\t\t<div class=\"elementor-column elementor-col-33 elementor-top-column elementor-element elementor-element-49d4e4a\" data-id=\"49d4e4a\" data-element_type=\"column\">\n\t\t\t<div class=\"elementor-widget-wrap elementor-element-populated\">\n\t\t\t\t\t\t<div class=\"elementor-element elementor-element-d3c69bb elementor-widget elementor-widget-video\" data-id=\"d3c69bb\" data-element_type=\"widget\" data-settings=\"{&quot;youtube_url&quot;:&quot;https:\\\/\\\/www.youtube.com\\\/watch?v=wGwQmjOXr1k&quot;,&quot;show_image_overlay&quot;:&quot;yes&quot;,&quot;image_overlay&quot;:{&quot;url&quot;:&quot;https:\\\/\\\/www.mamreoakinvestments.com\\\/wp-content\\\/uploads\\\/2022\\\/02\\\/pic-17.jpg&quot;,&quot;id&quot;:405,&quot;size&quot;:&quot;&quot;,&quot;alt&quot;:&quot;&quot;,&quot;source&quot;:&quot;library&quot;},&quot;video_type&quot;:&quot;youtube&quot;,&quot;controls&quot;:&quot;yes&quot;}\" data-widget_type=\"video.default\">\n\t\t\t\t\t\t\t<div class=\"elementor-wrapper elementor-open-inline\">\n\t\t\t<div class=\"elementor-video\"><\/div>\t\t\t\t<div class=\"elementor-custom-embed-image-overlay\" style=\"background-image: url(https:\/\/www.mamreoakinvestments.com\/wp-content\/uploads\/2022\/02\/pic-17.jpg);\">\n\t\t\t\t\t\t\t\t\t\t\t\t\t\t\t\t<div class=\"elementor-custom-embed-play\" role=\"button\" aria-label=\"Reproduzir v\u00eddeo\" tabindex=\"0\">\n\t\t\t\t\t\t\t<svg aria-hidden=\"true\" class=\"e-font-icon-svg e-eicon-play\" viewBox=\"0 0 1000 1000\" xmlns=\"http:\/\/www.w3.org\/2000\/svg\"><path d=\"M838 162C746 71 633 25 500 25 371 25 258 71 163 162 71 254 25 367 25 500 25 633 71 746 163 837 254 929 367 979 500 979 633 979 746 933 838 837 929 746 975 633 975 500 975 367 929 254 838 162M808 192C892 279 933 379 933 500 933 621 892 725 808 808 725 892 621 938 500 938 379 938 279 896 196 808 113 725 67 621 67 500 67 379 108 279 196 192 279 108 383 62 500 62 621 62 721 108 808 192M438 392V642L642 517 438 392Z\"><\/path><\/svg>\t\t\t\t\t\t<\/div>\n\t\t\t\t\t\t\t\t\t<\/div>\n\t\t\t\t\t<\/div>\n\t\t\t\t\t\t<\/div>\n\t\t\t\t\t<\/div>\n\t\t<\/div>\n\t\t\t\t<div class=\"elementor-column elementor-col-33 elementor-top-column elementor-element elementor-element-0192575\" data-id=\"0192575\" data-element_type=\"column\">\n\t\t\t<div class=\"elementor-widget-wrap elementor-element-populated\">\n\t\t\t\t\t\t<div class=\"elementor-element elementor-element-7ae435c elementor-widget elementor-widget-heading\" data-id=\"7ae435c\" data-element_type=\"widget\" data-widget_type=\"heading.default\">\n\t\t\t\t\t<h2 class=\"elementor-heading-title elementor-size-default\">Videos de Citrus<\/h2>\t\t\t\t<\/div>\n\t\t\t\t<div class=\"elementor-element elementor-element-31b3018 elementor-widget elementor-widget-text-editor\" data-id=\"31b3018\" data-element_type=\"widget\" data-widget_type=\"text-editor.default\">\n\t\t\t\t\t\t\t\t\t<p>Conhe\u00e7a um pouco de Citrus Springs.<\/p>\t\t\t\t\t\t\t\t<\/div>\n\t\t\t\t<div class=\"elementor-element elementor-element-08e6c2a wpr-tabs-icon-position-center wpr-tabs-position-left elementor-widget elementor-widget-wpr-tabs\" data-id=\"08e6c2a\" data-element_type=\"widget\" data-settings=\"{&quot;tab_transition_duration&quot;:0.59999999999999997779553950749686919152736663818359375}\" data-widget_type=\"wpr-tabs.default\">\n\t\t\t\t\t\t\t\n\t\t<div class=\"wpr-tabs\" data-options=\"{&quot;activeTab&quot;:1,&quot;trigger&quot;:&quot;click&quot;,&quot;autoplay&quot;:&quot;&quot;,&quot;autoplaySpeed&quot;:0}\">\n\t\t\t\n\t\t\t<div class=\"wpr-tabs-wrap\">\n\t\t\t\t\n\t\t\t\t<div id=\"wpr-tab-9331\" class=\"wpr-tab elementor-repeater-item-66f1caa\" data-tab=\"1\">\n\t\t\t\t\t\n\t\t\t\t\t\t\t\t\t\t<div class=\"wpr-tab-title\">Citrus Springs<\/div>\n\t\t\t\t\t\n\t\t\t\t\t\t\t\t\t\n\t\t\t\t<\/div>\n\n\t\t\t\t\t\t\t<\/div>\n\n\t\t\t<div class=\"wpr-tabs-content-wrap\">\n\t\t\t\t\n\t\t\t\t<div id=\"wpr-tab-content-9331\" class=\"wpr-tab-content elementor-repeater-item-66f1caa\" data-tab=\"1\">\n\t\t\t\t\t<div class=\"wpr-tab-content-inner elementor-clearfix wpr-anim-size-large wpr-overlay-fade-in\"><p>Citrus Springs \u00e9 uma comunidade tranquila na Fl\u00f3rida, com baixo custo, natureza, seguran\u00e7a e boa valoriza\u00e7\u00e3o imobili\u00e1ria.<\/p><\/div>\t\t\t\t<\/div>\n\n\t\t\t\t\t\t\t<\/div>\n\n\t\t<\/div>\n\n\t\t\t\t\t\t<\/div>\n\t\t\t\t\t<\/div>\n\t\t<\/div>\n\t\t\t\t<div class=\"elementor-column elementor-col-33 elementor-top-column elementor-element elementor-element-3bcb24f elementor-hidden-tablet elementor-hidden-mobile\" data-id=\"3bcb24f\" data-element_type=\"column\">\n\t\t\t<div class=\"elementor-widget-wrap\">\n\t\t\t\t\t\t\t<\/div>\n\t\t<\/div>\n\t\t\t\t\t<\/div>\n\t\t<\/section>\n\t\t\t\t<\/div>\n\t\t","protected":false},"excerpt":{"rendered":"<p>quando deus manda fazer! Mamre Oak Investments uma empresa de Investimentos. Explore More CASA EM CITRUS 4 quartos 2 banheiros Casa Prepare-se para ficar impressionado com esta nova casa DELICIOSA na comunidade de Citrus Springs, localizada a um quarteir\u00e3o da Citrus Springs Middle School e da Central Ridge Elementary School, ambas localizadas em Citrus Springs Blvd! Esta casa possui uma sala de estar aberta que flui para um espa\u00e7o de jantar e cozinha bem equipado. A cozinha possui lindos arm\u00e1rios, bancadas de granito e eletrodom\u00e9sticos de a\u00e7o inoxid\u00e1vel (incluindo fog\u00e3o com micro-ondas e lava-lou\u00e7as). A su\u00edte principal tem banheiro privativo, pias duplas e um closet espa\u00e7oso. Esta casa tamb\u00e9m inclui mais 3 quartos e um banheiro secund\u00e1rio completo. H\u00e1 tamb\u00e9m uma garagem para dois carros. Seja para receber convidados ou desfrutar de um jantar tranquilo em fam\u00edlia, esta casa foi projetada para atender ao seu estilo de vida. Agende sua visita hoje mesmo! Oferecemos at\u00e9 US$ 2.000 de cr\u00e9dito do vendedor com o financiador preferencial. Citrus Springs, FL\u200b \u00a0Citrus Springs tamb\u00e9m est\u00e1 muito bem localizada na regi\u00e3o. Toda a beleza estonteante das nascentes de \u00e1gua cristalina, cursos d&#8217;\u00e1gua naturais, reservas naturais e pores do sol deslumbrantes no litoral do Golfo do M\u00e9xico fica a uma curta dist\u00e2ncia de carro ao sul e oeste. Sala de estar Casa ampla, arechada\u00a0 Nova Constu\u00e7\u00e3o \u00a0Citrus Springs tamb\u00e9m est\u00e1 muito bem localizada na regi\u00e3o. Toda a beleza estonteante das nascentes de \u00e1gua cristalina, cursos d&#8217;\u00e1gua naturais, reservas naturais e pores do sol deslumbrantes no litoral do Golfo do M\u00e9xico fica a uma curta dist\u00e2ncia de carro ao sul e oeste. https:\/\/www.youtube.com\/watch?v=wGwQmjOXr1k Videos de Citrus Conhe\u00e7a um pouco de Citrus Springs. Citrus Springs Citrus Springs \u00e9 uma comunidade tranquila na Fl\u00f3rida, com baixo custo, natureza, seguran\u00e7a e boa valoriza\u00e7\u00e3o imobili\u00e1ria.<\/p>\n","protected":false},"author":1,"featured_media":0,"parent":0,"menu_order":0,"comment_status":"closed","ping_status":"closed","template":"elementor_canvas","meta":{"footnotes":""},"class_list":["post-1930","page","type-page","status-publish","hentry"],"_links":{"self":[{"href":"https:\/\/www.mamreoakinvestments.com\/index.php\/wp-json\/wp\/v2\/pages\/1930","targetHints":{"allow":["GET"]}}],"collection":[{"href":"https:\/\/www.mamreoakinvestments.com\/index.php\/wp-json\/wp\/v2\/pages"}],"about":[{"href":"https:\/\/www.mamreoakinvestments.com\/index.php\/wp-json\/wp\/v2\/types\/page"}],"author":[{"embeddable":true,"href":"https:\/\/www.mamreoakinvestments.com\/index.php\/wp-json\/wp\/v2\/users\/1"}],"replies":[{"embeddable":true,"href":"https:\/\/www.mamreoakinvestments.com\/index.php\/wp-json\/wp\/v2\/comments?post=1930"}],"version-history":[{"count":51,"href":"https:\/\/www.mamreoakinvestments.com\/index.php\/wp-json\/wp\/v2\/pages\/1930\/revisions"}],"predecessor-version":[{"id":2017,"href":"https:\/\/www.mamreoakinvestments.com\/index.php\/wp-json\/wp\/v2\/pages\/1930\/revisions\/2017"}],"wp:attachment":[{"href":"https:\/\/www.mamreoakinvestments.com\/index.php\/wp-json\/wp\/v2\/media?parent=1930"}],"curies":[{"name":"wp","href":"https:\/\/api.w.org\/{rel}","templated":true}]}}