{"id":1925,"date":"2022-02-24T12:48:34","date_gmt":"2022-02-24T15:48:34","guid":{"rendered":"https:\/\/demosites.royal-elementor-addons.com\/travel-v1\/?page_id=53"},"modified":"2025-11-18T19:13:46","modified_gmt":"2025-11-18T22:13:46","slug":"about","status":"publish","type":"page","link":"https:\/\/www.mamreoakinvestments.com\/index.php\/about\/","title":{"rendered":"About"},"content":{"rendered":"\t\t<div data-elementor-type=\"wp-page\" data-elementor-id=\"1925\" class=\"elementor elementor-1925\">\n\t\t\t\t\t\t<section class=\"elementor-section elementor-top-section elementor-element elementor-element-e3d763c elementor-section-boxed elementor-section-height-default elementor-section-height-default wpr-particle-no wpr-jarallax-no wpr-parallax-no wpr-sticky-section-no\" data-id=\"e3d763c\" data-element_type=\"section\">\n\t\t\t\t\t\t\t<div class=\"elementor-background-overlay\"><\/div>\n\t\t\t\t\t\t\t<div class=\"elementor-container elementor-column-gap-wide\">\n\t\t\t\t\t<div class=\"elementor-column elementor-col-100 elementor-top-column elementor-element elementor-element-1909b18\" data-id=\"1909b18\" data-element_type=\"column\">\n\t\t\t<div class=\"elementor-widget-wrap elementor-element-populated\">\n\t\t\t\t\t\t<div class=\"elementor-element elementor-element-ebf0793 elementor-widget elementor-widget-heading\" data-id=\"ebf0793\" data-element_type=\"widget\" data-widget_type=\"heading.default\">\n\t\t\t\t\t<h2 class=\"elementor-heading-title elementor-size-default\">MAMRE OAK<\/h2>\t\t\t\t<\/div>\n\t\t\t\t<div class=\"elementor-element elementor-element-6201432 elementor-widget elementor-widget-heading\" data-id=\"6201432\" data-element_type=\"widget\" data-widget_type=\"heading.default\">\n\t\t\t\t\t<h2 class=\"elementor-heading-title elementor-size-default\">Mamre \u00e9 o lugar onde Deus visitou Abra\u00e3o<\/h2>\t\t\t\t<\/div>\n\t\t\t\t<div class=\"elementor-element elementor-element-aca4124 elementor-widget elementor-widget-text-editor\" data-id=\"aca4124\" data-element_type=\"widget\" data-widget_type=\"text-editor.default\">\n\t\t\t\t\t\t\t\t\t<p data-start=\"192\" data-end=\"477\">Mamre \u00e9 um dos locais mais marcantes da B\u00edblia.<br data-start=\"239\" data-end=\"242\" \/>Foi ali, junto aos <strong data-start=\"261\" data-end=\"283\">Carvalhos de Mamre<\/strong>, que <strong data-start=\"289\" data-end=\"312\">Deus visitou Abra\u00e3o<\/strong> e confirmou Suas promessas (G\u00eanesis 18).<br data-start=\"353\" data-end=\"356\" \/>Nesse encontro, o Senhor anunciou o nascimento de Isaque, renovou a alian\u00e7a e revelou Seu cuidado sobre a vida de Abra\u00e3o.<\/p><ul data-start=\"518\" data-end=\"655\"><li data-start=\"630\" data-end=\"655\"><p data-start=\"632\" data-end=\"655\">\u00a0<\/p><\/li><\/ul><p><!-- \/wp:paragraph --><\/p>\t\t\t\t\t\t\t\t<\/div>\n\t\t\t\t\t<\/div>\n\t\t<\/div>\n\t\t\t\t\t<\/div>\n\t\t<\/section>\n\t\t\t\t<section class=\"elementor-section elementor-top-section elementor-element elementor-element-dfcfd32 elementor-section-full_width elementor-section-height-default elementor-section-height-default wpr-particle-no wpr-jarallax-no wpr-parallax-no wpr-sticky-section-no\" data-id=\"dfcfd32\" data-element_type=\"section\">\n\t\t\t\t\t\t<div class=\"elementor-container elementor-column-gap-narrow\">\n\t\t\t\t\t<div class=\"elementor-column elementor-col-20 elementor-top-column elementor-element elementor-element-1daabd5 elementor-hidden-tablet elementor-hidden-mobile\" data-id=\"1daabd5\" data-element_type=\"column\">\n\t\t\t<div class=\"elementor-widget-wrap\">\n\t\t\t\t\t\t\t<\/div>\n\t\t<\/div>\n\t\t\t\t<div class=\"elementor-column elementor-col-20 elementor-top-column elementor-element elementor-element-ce5b221\" data-id=\"ce5b221\" data-element_type=\"column\">\n\t\t\t<div class=\"elementor-widget-wrap elementor-element-populated\">\n\t\t\t\t\t\t<div class=\"elementor-element elementor-element-18a26d9 elementor-widget elementor-widget-heading\" data-id=\"18a26d9\" data-element_type=\"widget\" data-widget_type=\"heading.default\">\n\t\t\t\t\t<h2 class=\"elementor-heading-title elementor-size-default\">Visite <\/h2>\t\t\t\t<\/div>\n\t\t\t\t<div class=\"elementor-element elementor-element-dd96a21 elementor-widget elementor-widget-heading\" data-id=\"dd96a21\" data-element_type=\"widget\" data-widget_type=\"heading.default\">\n\t\t\t\t\t<h2 class=\"elementor-heading-title elementor-size-default\">Mamre \u00e9 o lugar onde Deus visitou Abra\u00e3o<\/h2>\t\t\t\t<\/div>\n\t\t\t\t<div class=\"elementor-element elementor-element-274f2fc elementor-widget elementor-widget-text-editor\" data-id=\"274f2fc\" data-element_type=\"widget\" data-widget_type=\"text-editor.default\">\n\t\t\t\t\t\t\t\t\t<p data-start=\"192\" data-end=\"477\">Mamre \u00e9 um dos locais mais marcantes da B\u00edblia.<br data-start=\"239\" data-end=\"242\" \/>Foi ali, junto aos <strong data-start=\"261\" data-end=\"283\">Carvalhos de Mamre<\/strong>, que <strong data-start=\"289\" data-end=\"312\">Deus visitou Abra\u00e3o<\/strong> e confirmou Suas promessas (G\u00eanesis 18).<br data-start=\"353\" data-end=\"356\" \/>Nesse encontro, o Senhor anunciou o nascimento de Isaque, renovou a alian\u00e7a e revelou Seu cuidado sobre a vida de Abra\u00e3o.<\/p><p data-start=\"479\" data-end=\"516\">Por isso, Mamre se tornou s\u00edmbolo de:<\/p><ul data-start=\"518\" data-end=\"655\"><li data-start=\"518\" data-end=\"542\"><p data-start=\"520\" data-end=\"542\"><strong data-start=\"520\" data-end=\"540\">Presen\u00e7a de Deus<\/strong><\/p><\/li><li data-start=\"543\" data-end=\"570\"><p data-start=\"545\" data-end=\"570\"><strong data-start=\"545\" data-end=\"568\">Promessas cumpridas<\/strong><\/p><\/li><li data-start=\"571\" data-end=\"594\"><p data-start=\"573\" data-end=\"594\"><strong data-start=\"573\" data-end=\"592\">Renova\u00e7\u00e3o da f\u00e9<\/strong><\/p><\/li><li data-start=\"595\" data-end=\"629\"><p data-start=\"597\" data-end=\"629\"><strong data-start=\"597\" data-end=\"627\">Crescimento e prosperidade<\/strong><\/p><\/li><li data-start=\"630\" data-end=\"655\"><p data-start=\"632\" data-end=\"655\"><strong data-start=\"632\" data-end=\"655\">Alian\u00e7a e prop\u00f3sito<\/strong><\/p><\/li><\/ul>\t\t\t\t\t\t\t\t<\/div>\n\t\t\t\t\t<\/div>\n\t\t<\/div>\n\t\t\t\t<div class=\"elementor-column elementor-col-20 elementor-top-column elementor-element elementor-element-1473db1\" data-id=\"1473db1\" data-element_type=\"column\">\n\t\t\t<div class=\"elementor-widget-wrap elementor-element-populated\">\n\t\t\t\t\t\t<div class=\"elementor-element elementor-element-8d53764 wpr-promo-box-style-cover elementor-widget elementor-widget-wpr-promo-box\" data-id=\"8d53764\" data-element_type=\"widget\" data-widget_type=\"wpr-promo-box.default\">\n\t\t\t\t\t\n\t\t<div class=\"wpr-promo-box wpr-animation-wrap\">\n\n\t\t\t\t\t\t\t\n\t\t\t\t\t\t\t<div class=\"wpr-promo-box-image\">\n\t\t\t\t\t<div class=\"wpr-promo-box-bg-image wpr-bg-anim-zoom-in wpr-anim-timing-ease-default\" style=\"background-image:url(https:\/\/www.mamreoakinvestments.com\/wp-content\/uploads\/2022\/02\/pic-20.jpg);\"><\/div>\n\t\t\t\t\t<div class=\"wpr-promo-box-bg-overlay wpr-border-anim-jazz\"><\/div>\n\t\t\t\t<\/div>\n\t\t\t\t\t\t\n\t\t\t<div class=\"wpr-promo-box-content\">\n\n\t\t\t\t\t\t\t\t<div class=\"wpr-promo-box-icon\">\n\t\t\t\t\t\t\t\t\t<\/div>\n\t\t\t\t\n\t\t\t\t<h3 class=\"wpr-promo-box-title\"><span>Seychelles, Praslin<\/span><\/h3>\n\t\t\t\t\t\t\t\t\t<div class=\"wpr-promo-box-description\">\n\t\t\t\t\t\t<p><ul data-start=\"518\" data-end=\"655\"><li data-start=\"518\" data-end=\"542\"><p data-start=\"520\" data-end=\"542\"><strong data-start=\"520\" data-end=\"540\">Presen\u00e7a de Deus<\/strong><\/p><\/li><li data-start=\"543\" data-end=\"570\"><p data-start=\"545\" data-end=\"570\"><strong data-start=\"545\" data-end=\"568\">Promessas cumpridas<\/strong><\/p><\/li><li data-start=\"571\" data-end=\"594\"><p data-start=\"573\" data-end=\"594\"><strong data-start=\"573\" data-end=\"592\">Renova\u00e7\u00e3o da f\u00e9<\/strong><\/p><\/li><li data-start=\"595\" data-end=\"629\"><p data-start=\"597\" data-end=\"629\"><strong data-start=\"597\" data-end=\"627\">Crescimento e prosperidade<\/strong><\/p><\/li><li data-start=\"630\" data-end=\"655\"><p data-start=\"632\" data-end=\"655\"><strong data-start=\"632\" data-end=\"655\">Alian\u00e7a e prop\u00f3sito<\/strong><\/p><\/li><\/ul><\/p>\t\n\t\t\t\t\t<\/div>\t\t\t\t\t\t\n\t\t\t\t\n\t\t\t\t\t\t\t\t\t<div class=\"wpr-promo-box-btn-wrap\">\n\t\t\t\t\t\t<a class=\"wpr-promo-box-btn\" href=\"#\">\n\n\t\t\t\t\t\t\t\t\t\t\t\t\t\t<span class=\"wpr-promo-box-btn-text\">Read More<\/span>\t\t\n\t\t\t\t\t\t\t\n\t\t\t\t\t\t\t\t\t\t\t\t\t\t<span class=\"wpr-promo-box-btn-icon\">\n\t\t\t\t\t\t\t\t<i class=\"fas fa-long-arrow-alt-right\"><\/i>\n\t\t\t\t\t\t\t<\/span>\n\t\t\t\t\t\t\t\t\t\t\t\t\t<\/a>\n\t\t\t\t\t<\/div>\t\n\t\t\t\t\t\t\t<\/div>\n\n\t\t\t\t\t<\/div>\n\n\t\t\t\t\t\t<\/div>\n\t\t\t\t\t<\/div>\n\t\t<\/div>\n\t\t\t\t<div class=\"elementor-column elementor-col-20 elementor-top-column elementor-element elementor-element-f41436d\" data-id=\"f41436d\" data-element_type=\"column\">\n\t\t\t<div class=\"elementor-widget-wrap\">\n\t\t\t\t\t\t\t<\/div>\n\t\t<\/div>\n\t\t\t\t<div class=\"elementor-column elementor-col-20 elementor-top-column elementor-element elementor-element-3abc0ac\" data-id=\"3abc0ac\" data-element_type=\"column\">\n\t\t\t<div class=\"elementor-widget-wrap\">\n\t\t\t\t\t\t\t<\/div>\n\t\t<\/div>\n\t\t\t\t\t<\/div>\n\t\t<\/section>\n\t\t\t\t<\/div>\n\t\t","protected":false},"excerpt":{"rendered":"<p>MAMRE OAK Mamre \u00e9 o lugar onde Deus visitou Abra\u00e3o Mamre \u00e9 um dos locais mais marcantes da B\u00edblia.Foi ali, junto aos Carvalhos de Mamre, que Deus visitou Abra\u00e3o e confirmou Suas promessas (G\u00eanesis 18).Nesse encontro, o Senhor anunciou o nascimento de Isaque, renovou a alian\u00e7a e revelou Seu cuidado sobre a vida de Abra\u00e3o. \u00a0 Visite Mamre \u00e9 o lugar onde Deus visitou Abra\u00e3o Mamre \u00e9 um dos locais mais marcantes da B\u00edblia.Foi ali, junto aos Carvalhos de Mamre, que Deus visitou Abra\u00e3o e confirmou Suas promessas (G\u00eanesis 18).Nesse encontro, o Senhor anunciou o nascimento de Isaque, renovou a alian\u00e7a e revelou Seu cuidado sobre a vida de Abra\u00e3o. Por isso, Mamre se tornou s\u00edmbolo de: Presen\u00e7a de Deus Promessas cumpridas Renova\u00e7\u00e3o da f\u00e9 Crescimento e prosperidade Alian\u00e7a e prop\u00f3sito Seychelles, Praslin Presen\u00e7a de Deus Promessas cumpridas Renova\u00e7\u00e3o da f\u00e9 Crescimento e prosperidade Alian\u00e7a e prop\u00f3sito Read More<\/p>\n","protected":false},"author":1,"featured_media":0,"parent":0,"menu_order":0,"comment_status":"closed","ping_status":"closed","template":"elementor_canvas","meta":{"footnotes":""},"class_list":["post-1925","page","type-page","status-publish","hentry"],"_links":{"self":[{"href":"https:\/\/www.mamreoakinvestments.com\/index.php\/wp-json\/wp\/v2\/pages\/1925","targetHints":{"allow":["GET"]}}],"collection":[{"href":"https:\/\/www.mamreoakinvestments.com\/index.php\/wp-json\/wp\/v2\/pages"}],"about":[{"href":"https:\/\/www.mamreoakinvestments.com\/index.php\/wp-json\/wp\/v2\/types\/page"}],"author":[{"embeddable":true,"href":"https:\/\/www.mamreoakinvestments.com\/index.php\/wp-json\/wp\/v2\/users\/1"}],"replies":[{"embeddable":true,"href":"https:\/\/www.mamreoakinvestments.com\/index.php\/wp-json\/wp\/v2\/comments?post=1925"}],"version-history":[{"count":12,"href":"https:\/\/www.mamreoakinvestments.com\/index.php\/wp-json\/wp\/v2\/pages\/1925\/revisions"}],"predecessor-version":[{"id":1954,"href":"https:\/\/www.mamreoakinvestments.com\/index.php\/wp-json\/wp\/v2\/pages\/1925\/revisions\/1954"}],"wp:attachment":[{"href":"https:\/\/www.mamreoakinvestments.com\/index.php\/wp-json\/wp\/v2\/media?parent=1925"}],"curies":[{"name":"wp","href":"https:\/\/api.w.org\/{rel}","templated":true}]}}